{"id":451,"date":"2024-12-06T11:24:48","date_gmt":"2024-12-06T10:24:48","guid":{"rendered":"https:\/\/cravo.org\/?page_id=451"},"modified":"2024-12-12T17:09:17","modified_gmt":"2024-12-12T16:09:17","slug":"productions-scientifiques","status":"publish","type":"page","link":"https:\/\/cravo.org\/?page_id=451","title":{"rendered":"Productions scientifiques"},"content":{"rendered":"\n<details class=\"wp-block-details is-layout-flow wp-block-details-is-layout-flow\"><summary>Articles des membres des laboratoires<br><\/summary>\n<details class=\"wp-block-details is-layout-flow wp-block-details-is-layout-flow\"><summary>Arch\u00e9ozoologie<\/summary>\n<p>-Beno\u00eet Clavel<br>Un cheval au bord du chemin&#8230; 2020<br><a href=\"https:\/\/cravo.org\/wp-content\/uploads\/2024\/12\/Un-cheval-au-bord-du-chemin-analyse-archeozoologique-2020-1.pdf\" title=\"\">https:\/\/cravo.org\/wp-content\/uploads\/2024\/12\/Un-cheval-au-bord-du-chemin-analyse-archeozoologique-2020-1.pdf<\/a><\/p>\n\n\n\n<p><\/p>\n\n\n\n<p>-Vu Dang La, Beno\u00eet Clavel, S\u00e9bastien Lepetz, G\u00e9rard Aboudharam,<br>Didier Raoult, and Michel Drancourt<br>Molecular Detection of Bartonella &#8230; 2004<br><a href=\"https:\/\/cravo.org\/wp-content\/uploads\/2024\/12\/Molecular-Detection-of-Bartonella-2004.pdf\" title=\"\">https:\/\/cravo.org\/wp-content\/uploads\/2024\/12\/Molecular-Detection-of-Bartonella-2004.pdf<\/a><\/p>\n\n\n\n<p><\/p>\n\n\n\n<p>-Maude Barme, Beno\u00eet Clavel<br>La pratique urbaine de l\u2019\u00e9quarrissage&nbsp;\u2026 2015<br><a href=\"https:\/\/cravo.org\/wp-content\/uploads\/2024\/12\/Barme-Clavel-Equarissage-Elbeuf-2015.pdf\" title=\"\">https:\/\/cravo.org\/wp-content\/uploads\/2024\/12\/Barme-Clavel-Equarissage-Elbeuf-2015.pdf<\/a><\/p>\n\n\n\n<p>-Fran\u00e7ois Blary, Beno\u00eet Clavel<br>Des paniers de harengs du XIII<sup>e<\/sup>&nbsp;si\u00e8cle \u00e0 Ch\u00e2teau-Thierry&#8230;2009<br><em>&nbsp;<\/em><a href=\"https:\/\/cravo.org\/wp-content\/uploads\/2024\/12\/Duval-Clavel-Oies-RAP-2018.pdf\" title=\"\">https:\/\/cravo.org\/wp-content\/uploads\/2024\/12\/Duval-Clavel-Oies-RAP-2018.pdf<\/a><\/p>\n\n\n\n<p>-Beno\u00eet Clavel, S\u00e9bastien Sicard<br>L\u2019\u00e9tude des hypoplasies lin\u00e9aires de l\u2019\u00e9mail&nbsp;&nbsp;(LEH) et la caract\u00e9risation de l\u2019\u00e9levage porcin au Moyen \u00c2ge&#8230;2007<br><a href=\"https:\/\/cravo.org\/wp-content\/uploads\/2024\/12\/Clavel-Sicard-RAP-2007-Hypoplasie.pdf\" title=\"\">https:\/\/cravo.org\/wp-content\/uploads\/2024\/12\/Clavel-Sicard-RAP-2007-Hypoplasie.pdf<\/a><\/p>\n\n\n\n<p>-Colin Duval,&nbsp;Beno\u00eet&nbsp;Clavel&nbsp;<br>Les oies du site castral de Boves au Xe si\u00e8cle ; tentatives d\u2019identification des individus domestiques&#8230;2018<br><a href=\"https:\/\/cravo.org\/wp-content\/uploads\/2024\/12\/Duval-Clavel-Oies-RAP-2018.pdf\" title=\"\">https:\/\/cravo.org\/wp-content\/uploads\/2024\/12\/Duval-Clavel-Oies-RAP-2018.pdf<\/a><\/p>\n\n\n\n<p>-Isabelle&nbsp;Rodet-Belarbi, Ga\u00ebtan Jouanin, Beno\u00eet&nbsp;Clavel&nbsp;<br>La gestion des restes d\u2019\u00e9quid\u00e9s en France \u00e0 la fin du Moyen-\u00c2ge et au d\u00e9but de l\u2019\u00e9poque moderne&#8230;2017<br><a href=\"https:\/\/cravo.org\/wp-content\/uploads\/2024\/12\/Chap.IV-4-Rodet-Jouanin-Clavel.pdf\" title=\"\">https:\/\/cravo.org\/wp-content\/uploads\/2024\/12\/Chap.IV-4-Rodet-Jouanin-Clavel.pdf<\/a><\/p>\n\n\n\n<p><\/p>\n\n\n\n<p>-Beno\u00eet Clavel, S\u00e9bastien Lepetz<br>La consommation des poissons en France du nord \u00e0 la p\u00e9riode romaine&#8230;2014<br><a href=\"https:\/\/cravo.org\/wp-content\/uploads\/2024\/12\/Clavel-Lepetz-poissons-antiques-2014.pdf\" title=\"\">https:\/\/cravo.org\/wp-content\/uploads\/2024\/12\/Clavel-Lepetz-poissons-antiques-2014.pdf<\/a><\/p>\n\n\n\n<p>-Beno\u00eet Clavel<br>Les restes animaux de latrines m\u00e9di\u00e9vales \u00e0 Bourg-La-Reine&#8230;2001<br><a href=\"https:\/\/cravo.org\/wp-content\/uploads\/2024\/12\/Clavel-Bourg-la-Reine-2001.pdf\" title=\"\">https:\/\/cravo.org\/wp-content\/uploads\/2024\/12\/Clavel-Bourg-la-Reine-2001.pdf<\/a><\/p>\n<\/details>\n\n\n\n<details class=\"wp-block-details is-layout-flow wp-block-details-is-layout-flow\"><summary>Arch\u00e9obotanique<\/summary>\n<p><\/p>\n<\/details>\n\n\n\n<hr><\/p>\n\n\n\n<p><\/p>\n<\/details>\n\n\n\n<details class=\"wp-block-details is-layout-flow wp-block-details-is-layout-flow\"><summary>DOI<br><\/summary>\n<p>To do<\/p>\n<\/details>\n\n\n\n<p><\/p>\n","protected":false},"excerpt":{"rendered":"","protected":false},"author":1,"featured_media":0,"parent":0,"menu_order":0,"comment_status":"closed","ping_status":"closed","template":"","meta":{"_monsterinsights_skip_tracking":false,"_monsterinsights_sitenote_active":false,"_monsterinsights_sitenote_note":"","_monsterinsights_sitenote_category":0,"footnotes":""},"class_list":["post-451","page","type-page","status-publish","hentry"],"aioseo_notices":[],"_links":{"self":[{"href":"https:\/\/cravo.org\/index.php?rest_route=\/wp\/v2\/pages\/451","targetHints":{"allow":["GET"]}}],"collection":[{"href":"https:\/\/cravo.org\/index.php?rest_route=\/wp\/v2\/pages"}],"about":[{"href":"https:\/\/cravo.org\/index.php?rest_route=\/wp\/v2\/types\/page"}],"author":[{"embeddable":true,"href":"https:\/\/cravo.org\/index.php?rest_route=\/wp\/v2\/users\/1"}],"replies":[{"embeddable":true,"href":"https:\/\/cravo.org\/index.php?rest_route=%2Fwp%2Fv2%2Fcomments&post=451"}],"version-history":[{"count":82,"href":"https:\/\/cravo.org\/index.php?rest_route=\/wp\/v2\/pages\/451\/revisions"}],"predecessor-version":[{"id":618,"href":"https:\/\/cravo.org\/index.php?rest_route=\/wp\/v2\/pages\/451\/revisions\/618"}],"wp:attachment":[{"href":"https:\/\/cravo.org\/index.php?rest_route=%2Fwp%2Fv2%2Fmedia&parent=451"}],"curies":[{"name":"wp","href":"https:\/\/api.w.org\/{rel}","templated":true}]}}