{"id":249,"date":"2016-06-15T11:44:05","date_gmt":"2016-06-15T09:44:05","guid":{"rendered":"https:\/\/cravo.org\/?page_id=249"},"modified":"2020-11-11T09:42:03","modified_gmt":"2020-11-11T08:42:03","slug":"adhesion","status":"publish","type":"page","link":"https:\/\/cravo.org\/?page_id=249","title":{"rendered":"Adh\u00e9sion"},"content":{"rendered":"\n<p>Le CRAVO vous propose d\u2019adh\u00e9rer \u00e0 l\u2019association !<\/p>\n\n\n\n<p>Pour cela, il vous suffit de remplir le bulletin d\u2019adh\u00e9sion avec un\u00a0ch\u00e8que (12,50\u20ac tarif normal et 8,00\u20ac tarif \u00e9tudiant sur pr\u00e9sentation d\u2019un justificatif) \u00e0 l\u2019ordre du CRAVO et de le retourner \u00e0 l\u2019adresse postale indiqu\u00e9e sur le bulletin ou dans l\u2019onglet \u00ab\u00a0contact\u00a0\u00bb!<\/p>\n\n\n\n<p>Apr\u00e8s encaissement, vous aurez acc\u00e8s notamment \u00e0 tout le contenu de notre site entre archives, publications, anecdotes et calendrier des animations \u00e0 venir\u2026<\/p>\n\n\n\n<figure class=\"wp-block-image size-large\"><a href=\"https:\/\/cravo.org\/wp-content\/uploads\/2016\/06\/Sans-titre-2.jpg\"><img loading=\"lazy\" decoding=\"async\" width=\"800\" height=\"562\" src=\"https:\/\/cravo.org\/wp-content\/uploads\/2016\/06\/Sans-titre-2.jpg\" alt=\"\" class=\"wp-image-264\" srcset=\"https:\/\/cravo.org\/wp-content\/uploads\/2016\/06\/Sans-titre-2.jpg 800w, https:\/\/cravo.org\/wp-content\/uploads\/2016\/06\/Sans-titre-2-300x211.jpg 300w, https:\/\/cravo.org\/wp-content\/uploads\/2016\/06\/Sans-titre-2-768x540.jpg 768w\" sizes=\"auto, (max-width: 706px) 89vw, (max-width: 767px) 82vw, 740px\" \/><\/a><\/figure>\n","protected":false},"excerpt":{"rendered":"<p>Le CRAVO vous propose d\u2019adh\u00e9rer \u00e0 l\u2019association ! Pour cela, il vous suffit de remplir le bulletin d\u2019adh\u00e9sion avec un\u00a0ch\u00e8que (12,50\u20ac tarif normal et 8,00\u20ac tarif \u00e9tudiant sur pr\u00e9sentation d\u2019un justificatif) \u00e0 l\u2019ordre du CRAVO et de le retourner \u00e0 l\u2019adresse postale indiqu\u00e9e sur le bulletin ou dans l\u2019onglet \u00ab\u00a0contact\u00a0\u00bb! Apr\u00e8s encaissement, vous aurez acc\u00e8s &hellip; <\/p>\n<p class=\"link-more\"><a href=\"https:\/\/cravo.org\/?page_id=249\" class=\"more-link\">Continuer la lecture<span class=\"screen-reader-text\"> de &laquo;&nbsp;Adh\u00e9sion&nbsp;&raquo;<\/span><\/a><\/p>\n","protected":false},"author":1,"featured_media":0,"parent":0,"menu_order":0,"comment_status":"closed","ping_status":"closed","template":"","meta":{"_monsterinsights_skip_tracking":false,"_monsterinsights_sitenote_active":false,"_monsterinsights_sitenote_note":"","_monsterinsights_sitenote_category":0,"footnotes":""},"class_list":["post-249","page","type-page","status-publish","hentry"],"aioseo_notices":[],"_links":{"self":[{"href":"https:\/\/cravo.org\/index.php?rest_route=\/wp\/v2\/pages\/249","targetHints":{"allow":["GET"]}}],"collection":[{"href":"https:\/\/cravo.org\/index.php?rest_route=\/wp\/v2\/pages"}],"about":[{"href":"https:\/\/cravo.org\/index.php?rest_route=\/wp\/v2\/types\/page"}],"author":[{"embeddable":true,"href":"https:\/\/cravo.org\/index.php?rest_route=\/wp\/v2\/users\/1"}],"replies":[{"embeddable":true,"href":"https:\/\/cravo.org\/index.php?rest_route=%2Fwp%2Fv2%2Fcomments&post=249"}],"version-history":[{"count":15,"href":"https:\/\/cravo.org\/index.php?rest_route=\/wp\/v2\/pages\/249\/revisions"}],"predecessor-version":[{"id":389,"href":"https:\/\/cravo.org\/index.php?rest_route=\/wp\/v2\/pages\/249\/revisions\/389"}],"wp:attachment":[{"href":"https:\/\/cravo.org\/index.php?rest_route=%2Fwp%2Fv2%2Fmedia&parent=249"}],"curies":[{"name":"wp","href":"https:\/\/api.w.org\/{rel}","templated":true}]}}