{"id":170,"date":"2016-06-07T11:07:09","date_gmt":"2016-06-07T09:07:09","guid":{"rendered":"https:\/\/cravo.org\/?page_id=170"},"modified":"2024-12-06T11:48:04","modified_gmt":"2024-12-06T10:48:04","slug":"larcheozoologie","status":"publish","type":"page","link":"https:\/\/cravo.org\/?page_id=170","title":{"rendered":"L&rsquo;arch\u00e9ozoologie"},"content":{"rendered":"\n<h2 class=\"wp-block-heading\">L\u2019arch\u00e9ozoologie en quelques mots\u2026<\/h2>\n\n\n\n<p>L\u2019arch\u00e9ozoologie est une discipline qui \u00e9tudie les ossements animaux collect\u00e9s lors de fouilles de sites arch\u00e9ologiques. Elle contribue \u00e0 l\u2019enrichissement des connaissances sur les relations des animaux, sauvages ou domestiques, avec l\u2019Homme, \u00e0 travers le temps. L\u2019\u00e9tude des restes fauniques constituent une partie de la bioarch\u00e9ologie, au m\u00eame titre que la carpologie (\u00e9tude des graines), la palynologie (\u00e9tude des pollens), l\u2019anthracologie (\u00e9tude des bois carbonis\u00e9s) ou encore l\u2019entomologie (\u00e9tude des insectes)\u2026<\/p>\n\n\n\n<p>Les donn\u00e9es zoologiques int\u00e8grent des axes de recherches historiques pr\u00e9cis et vari\u00e9s tels que l\u2019\u00e9levage, l\u2019alimentation, les productions artisanales, les pratiques religieuses impliquant l\u2019usage des animaux. De nombreuses questions soci\u00e9tales sont ainsi abord\u00e9es par l\u2019arch\u00e9ozoologie. Gr\u00e2ce aux ossements animaux, les arch\u00e9ozoologues apportent de nombreuses informations sur l\u2019\u00e9volution de l\u2019environnement, de l\u2019histoire \u00e9conomique et culturelle des peuples.<\/p>\n\n\n\n<p>Dans un premier temps, le travail de l\u2019arch\u00e9ozoologue&nbsp;consiste \u00e0 d\u00e9terminer les ossements provenant d\u2019un site arch\u00e9ologique. Il doit identifier l\u2019os en question et l\u2019esp\u00e8ce \u00e0 laquelle il appartient. Pour cela, il est n\u00e9cessaire de rep\u00e9rer des crit\u00e8res anatomiques propres \u00e0 chaque famille, genre ou esp\u00e8ce. Le sp\u00e9cialiste peut utiliser une collection de comparaison, comme celle du CRAVO !<\/p>\n\n\n\n<figure class=\"wp-block-image size-large is-resized is-style-default\"><a href=\"https:\/\/cravo.org\/wp-content\/uploads\/2016\/06\/banni\u00e8re-cravo-et-logo.org_.jpg\"><img loading=\"lazy\" decoding=\"async\" width=\"853\" height=\"408\" src=\"https:\/\/cravo.org\/wp-content\/uploads\/2016\/06\/banni\u00e8re-cravo-et-logo.org_.jpg\" alt=\"\" class=\"wp-image-204\" style=\"width:949px;height:453px\" srcset=\"https:\/\/cravo.org\/wp-content\/uploads\/2016\/06\/banni\u00e8re-cravo-et-logo.org_.jpg 853w, https:\/\/cravo.org\/wp-content\/uploads\/2016\/06\/banni\u00e8re-cravo-et-logo.org_-300x143.jpg 300w, https:\/\/cravo.org\/wp-content\/uploads\/2016\/06\/banni\u00e8re-cravo-et-logo.org_-768x367.jpg 768w\" sizes=\"auto, (max-width: 706px) 89vw, (max-width: 767px) 82vw, 740px\" \/><\/a><\/figure>\n\n\n\n<h2 class=\"wp-block-heading\">Le laboratoire d\u2019arch\u00e9ozoologie du CRAVO<\/h2>\n\n\n\n<p>Avec l\u2019essor des \u00e9tudes sur le mat\u00e9riel osseux et la quantit\u00e9 croissante de vestiges d\u00e9couverts lors des interventions arch\u00e9ologiques, un laboratoire d\u2019arch\u00e9ozoologie a \u00e9t\u00e9 fond\u00e9 en 1976 par Patrice M\u00e9niel, Jean-Herv\u00e9 Yvinec et Rose-Marie Arbogast.<\/p>\n\n\n\n<p>A la fin des ann\u00e9es 80, l\u2019\u00e9quipe s\u2019est agrandie avec l\u2019arriv\u00e9e de jeunes chercheurs tels que S\u00e9bastien Lepetz et Beno\u00eet Clavel, ce dernier ayant significativement enrichi les collections aviaires et initi\u00e9 la cr\u00e9ation d\u2019une collection ichtyologique.<\/p>\n\n\n\n<p>Au cours des ann\u00e9es 2000, St\u00e9phane Fr\u00e8re, Catherine Dupont, Anna Baudry, Ga\u00ebtan Jouanin, Yvon Dr\u00e9ano et Alessio Bandelli ont \u00e9galement rejoint le laboratoire, avant d\u2019int\u00e9grer des institutions de recherche fran\u00e7aises publiques (CNRS, INRAP, MNHN), des structures priv\u00e9es (\u00c9veha) ou l&rsquo;association. Ces chercheurs ont jou\u00e9 un r\u00f4le cl\u00e9 dans l\u2019avanc\u00e9e des connaissances sur le nord de la France, en explorant des p\u00e9riodes allant du N\u00e9olithique \u00e0 l\u2019\u00e9poque moderne. Plus r\u00e9cemment, le laboratoire de Compi\u00e8gne a accueilli une nouvelle g\u00e9n\u00e9ration de chercheurs, parmi lesquels Opale Robin, Colin Duval, Nicolas Morand (qui a repris en main la collection de malacologie), Maude Barme, Alice Bourgois, Philippe Pauthier et L\u00e9a Auvin. Tous poursuivent activement l\u2019enrichissement des recherches arch\u00e9ozoologiques et contribuent \u00e0 l\u2019approfondissement des connaissances dans ce domaine.<\/p>\n\n\n\n<p><\/p>\n\n\n\n<h2 class=\"wp-block-heading\">La collection ost\u00e9ologique<\/h2>\n\n\n\n<p>Tous ont \u00e9galement aliment\u00e9 la collection ost\u00e9ologique de comparaison du CRAVO ! La constitution de cet outil, indispensable pour les arch\u00e9ozoologues, a demand\u00e9 un investissement constant durant de nombreuses ann\u00e9es. Aujourd\u2019hui encore, elle est enrichie de nouveaux sp\u00e9cimens.<\/p>\n\n\n\n<p>Cette collection se divise en plusieurs cat\u00e9gories. On compte \u00e0 l\u2019heure actuelle plus de 200 mammif\u00e8res (chiens, chats, chevaux, boeufs, porcs, moutons, ch\u00e8vres, animaux sauvages, micro-mammif\u00e8res\u2026). Les oiseaux sont \u00e9galement tr\u00e8s nombreux, plus de 450 esp\u00e8ces composent la collection (galliformes, columbiformes, charadriiformes, falconiformes, pass\u00e9riformes\u2026).&nbsp; Enfin, 660 squelettes de poissons de 130 esp\u00e8ces &#8211; marines ou d\u2019eau douce &#8211; reposent sur les \u00e9tag\u00e8res de la collection ichtyologique. Tous ces sp\u00e9cimens couvrent la quasi totalit\u00e9 de la faune rencontr\u00e9e sur les sites arch\u00e9ologiques du nord de la France. Cette \u00ab&nbsp;biblioth\u00e8que&nbsp;\u00bb d\u2019ossements animaux est l&rsquo;une des plus importantes de France. <\/p>\n\n\n\n<div id='gallery-1' class='gallery galleryid-170 gallery-columns-3 gallery-size-thumbnail'><figure class='gallery-item'>\n\t\t\t<div class='gallery-icon landscape'>\n\t\t\t\t<a href='https:\/\/cravo.org\/?attachment_id=307'><img loading=\"lazy\" decoding=\"async\" width=\"150\" height=\"150\" src=\"https:\/\/cravo.org\/wp-content\/uploads\/2016\/06\/pigeon-logo-150x150.jpg\" class=\"attachment-thumbnail size-thumbnail\" alt=\"\" aria-describedby=\"gallery-1-307\" sizes=\"auto, 100vw\" \/><\/a>\n\t\t\t<\/div>\n\t\t\t\t<figcaption class='wp-caption-text gallery-caption' id='gallery-1-307'>\n\t\t\t\tSquelette de pigeon\n\t\t\t\t<\/figcaption><\/figure><figure class='gallery-item'>\n\t\t\t<div class='gallery-icon landscape'>\n\t\t\t\t<a href='https:\/\/cravo.org\/?attachment_id=305'><img loading=\"lazy\" decoding=\"async\" width=\"150\" height=\"150\" src=\"https:\/\/cravo.org\/wp-content\/uploads\/2016\/06\/collection-oiseaux-logo-150x150.jpg\" class=\"attachment-thumbnail size-thumbnail\" alt=\"\" aria-describedby=\"gallery-1-305\" sizes=\"auto, 100vw\" \/><\/a>\n\t\t\t<\/div>\n\t\t\t\t<figcaption class='wp-caption-text gallery-caption' id='gallery-1-305'>\n\t\t\t\tCollection d&rsquo;oiseaux\n\t\t\t\t<\/figcaption><\/figure><figure class='gallery-item'>\n\t\t\t<div class='gallery-icon landscape'>\n\t\t\t\t<a href='https:\/\/cravo.org\/?attachment_id=300'><img loading=\"lazy\" decoding=\"async\" width=\"150\" height=\"150\" src=\"https:\/\/cravo.org\/wp-content\/uploads\/2016\/06\/collection-poissons-deau-de-mer-150x150.jpg\" class=\"attachment-thumbnail size-thumbnail\" alt=\"\" aria-describedby=\"gallery-1-300\" sizes=\"auto, 100vw\" \/><\/a>\n\t\t\t<\/div>\n\t\t\t\t<figcaption class='wp-caption-text gallery-caption' id='gallery-1-300'>\n\t\t\t\tCollection de poissons d&rsquo;eau de mer\n\t\t\t\t<\/figcaption><\/figure>\n\t\t<\/div>\n\n","protected":false},"excerpt":{"rendered":"<p>L\u2019arch\u00e9ozoologie en quelques mots\u2026 L\u2019arch\u00e9ozoologie est une discipline qui \u00e9tudie les ossements animaux collect\u00e9s lors de fouilles de sites arch\u00e9ologiques. Elle contribue \u00e0 l\u2019enrichissement des connaissances sur les relations des animaux, sauvages ou domestiques, avec l\u2019Homme, \u00e0 travers le temps. L\u2019\u00e9tude des restes fauniques constituent une partie de la bioarch\u00e9ologie, au m\u00eame titre que la &hellip; <\/p>\n<p class=\"link-more\"><a href=\"https:\/\/cravo.org\/?page_id=170\" class=\"more-link\">Continuer la lecture<span class=\"screen-reader-text\"> de &laquo;&nbsp;L&rsquo;arch\u00e9ozoologie&nbsp;&raquo;<\/span><\/a><\/p>\n","protected":false},"author":1,"featured_media":0,"parent":0,"menu_order":0,"comment_status":"closed","ping_status":"closed","template":"","meta":{"_monsterinsights_skip_tracking":false,"_monsterinsights_sitenote_active":false,"_monsterinsights_sitenote_note":"","_monsterinsights_sitenote_category":0,"footnotes":""},"class_list":["post-170","page","type-page","status-publish","hentry"],"aioseo_notices":[],"_links":{"self":[{"href":"https:\/\/cravo.org\/index.php?rest_route=\/wp\/v2\/pages\/170","targetHints":{"allow":["GET"]}}],"collection":[{"href":"https:\/\/cravo.org\/index.php?rest_route=\/wp\/v2\/pages"}],"about":[{"href":"https:\/\/cravo.org\/index.php?rest_route=\/wp\/v2\/types\/page"}],"author":[{"embeddable":true,"href":"https:\/\/cravo.org\/index.php?rest_route=\/wp\/v2\/users\/1"}],"replies":[{"embeddable":true,"href":"https:\/\/cravo.org\/index.php?rest_route=%2Fwp%2Fv2%2Fcomments&post=170"}],"version-history":[{"count":41,"href":"https:\/\/cravo.org\/index.php?rest_route=\/wp\/v2\/pages\/170\/revisions"}],"predecessor-version":[{"id":454,"href":"https:\/\/cravo.org\/index.php?rest_route=\/wp\/v2\/pages\/170\/revisions\/454"}],"wp:attachment":[{"href":"https:\/\/cravo.org\/index.php?rest_route=%2Fwp%2Fv2%2Fmedia&parent=170"}],"curies":[{"name":"wp","href":"https:\/\/api.w.org\/{rel}","templated":true}]}}