{"id":140,"date":"2016-05-22T19:18:26","date_gmt":"2016-05-22T17:18:26","guid":{"rendered":"https:\/\/cravo.org\/?page_id=140"},"modified":"2020-11-12T15:47:28","modified_gmt":"2020-11-12T14:47:28","slug":"a-propos","status":"publish","type":"page","link":"https:\/\/cravo.org\/?page_id=140","title":{"rendered":"\u00c0 propos"},"content":{"rendered":"\n<h2 class=\"wp-block-heading\">Le CRAVO en quelques mots<\/h2>\n\n\n\n<p>Le CRAVO est une association de loi 1901, dite \u00e0 <strong>but non lucratif<\/strong>. Elle fut fond\u00e9e en <strong>1974<\/strong> \u00e0 l&rsquo;initiative de passionn\u00e9s compi\u00e9gnois, conscients des perspectives de d\u00e9veloppement de l&rsquo;<strong>arch\u00e9ologie pr\u00e9ventive<\/strong> qui s&rsquo;amor\u00e7aient alors. Ainsi, ces membres ont particip\u00e9 activement aux premi\u00e8res fouilles des bords de l&rsquo;Oise. Sous l\u2019impulsion de ses diff\u00e9rents pr\u00e9sidents (J.-C. Blanchet, B. Lambot, Ph. Racinet, D. Cadaze et aujourd\u2019hui F. Blary) et de ses membres, le CRAVO est devenu un p\u00f4le de r\u00e9f\u00e9rence r\u00e9gional et national en mati\u00e8re d\u2019arch\u00e9ologie. Il travaille en relation directe avec les grandes institutions de recherche que sont l\u2019INRAP, le CNRS, le Mus\u00e9um national d\u2019Histoire naturelle, l&rsquo;EPHE et les universit\u00e9s.<\/p>\n\n\n\n<p>Avec le d\u00e9veloppement de l&rsquo;arch\u00e9ologie pr\u00e9ventive, les \u00e9tudes des ossements animaux et des graines sont devenues r\u00e9guli\u00e8res et ont particip\u00e9 activement au d\u00e9veloppement de deux laboratoires au sein du CRAVO. Vous retrouverez toute leur histoire dans la rubrique arch\u00e9ozoologie et carpologie !<\/p>\n\n\n\n<h2 class=\"wp-block-heading\">Historique du CRAVO<\/h2>\n\n\n\n<ul class=\"wp-block-list\"><li>1974 : fondation de l\u2019association<\/li><li>1976 : cr\u00e9ation du laboratoire d\u2019arch\u00e9ozoologie au sein du CRAVO<\/li><li>1993 : cr\u00e9ation du laboratoire de carpologie<\/li><li>2013 : installation dans les locaux du centre d\u2019\u00e9tude Antoine Vivenel<\/li><\/ul>\n\n\n\n<h2 class=\"wp-block-heading\">L&rsquo;\u00e9quipe<\/h2>\n\n\n\n<p>&#8230;<\/p>\n","protected":false},"excerpt":{"rendered":"<p>Le CRAVO en quelques mots Le CRAVO est une association de loi 1901, dite \u00e0 but non lucratif. Elle fut fond\u00e9e en 1974 \u00e0 l&rsquo;initiative de passionn\u00e9s compi\u00e9gnois, conscients des perspectives de d\u00e9veloppement de l&rsquo;arch\u00e9ologie pr\u00e9ventive qui s&rsquo;amor\u00e7aient alors. Ainsi, ces membres ont particip\u00e9 activement aux premi\u00e8res fouilles des bords de l&rsquo;Oise. Sous l\u2019impulsion de &hellip; <\/p>\n<p class=\"link-more\"><a href=\"https:\/\/cravo.org\/?page_id=140\" class=\"more-link\">Continuer la lecture<span class=\"screen-reader-text\"> de &laquo;&nbsp;\u00c0 propos&nbsp;&raquo;<\/span><\/a><\/p>\n","protected":false},"author":1,"featured_media":0,"parent":0,"menu_order":0,"comment_status":"closed","ping_status":"closed","template":"","meta":{"_monsterinsights_skip_tracking":false,"_monsterinsights_sitenote_active":false,"_monsterinsights_sitenote_note":"","_monsterinsights_sitenote_category":0,"footnotes":""},"class_list":["post-140","page","type-page","status-publish","hentry"],"aioseo_notices":[],"_links":{"self":[{"href":"https:\/\/cravo.org\/index.php?rest_route=\/wp\/v2\/pages\/140","targetHints":{"allow":["GET"]}}],"collection":[{"href":"https:\/\/cravo.org\/index.php?rest_route=\/wp\/v2\/pages"}],"about":[{"href":"https:\/\/cravo.org\/index.php?rest_route=\/wp\/v2\/types\/page"}],"author":[{"embeddable":true,"href":"https:\/\/cravo.org\/index.php?rest_route=\/wp\/v2\/users\/1"}],"replies":[{"embeddable":true,"href":"https:\/\/cravo.org\/index.php?rest_route=%2Fwp%2Fv2%2Fcomments&post=140"}],"version-history":[{"count":9,"href":"https:\/\/cravo.org\/index.php?rest_route=\/wp\/v2\/pages\/140\/revisions"}],"predecessor-version":[{"id":393,"href":"https:\/\/cravo.org\/index.php?rest_route=\/wp\/v2\/pages\/140\/revisions\/393"}],"wp:attachment":[{"href":"https:\/\/cravo.org\/index.php?rest_route=%2Fwp%2Fv2%2Fmedia&parent=140"}],"curies":[{"name":"wp","href":"https:\/\/api.w.org\/{rel}","templated":true}]}}